{"id":174,"date":"2023-02-19T01:50:07","date_gmt":"2023-02-19T00:50:07","guid":{"rendered":"https:\/\/ie.uek.krakow.pl\/ke\/?page_id=174"},"modified":"2023-04-12T18:48:24","modified_gmt":"2023-04-12T16:48:24","slug":"pracownicy-uek","status":"publish","type":"page","link":"https:\/\/imins.uek.krakow.pl\/ks\/pracownicy-uek\/","title":{"rendered":"Pracownicy"},"content":{"rendered":"\t\t<div data-elementor-type=\"wp-page\" data-elementor-id=\"174\" class=\"elementor elementor-174\">\n\t\t\t\t\t\t<section data-particle_enable=\"false\" data-particle-mobile-disabled=\"false\" class=\"elementor-section elementor-top-section elementor-element elementor-element-be20bad elementor-section-boxed elementor-section-height-default elementor-section-height-default\" data-id=\"be20bad\" data-element_type=\"section\" data-settings=\"{&quot;jet_parallax_layout_list&quot;:[]}\">\n\t\t\t\t\t\t<div class=\"elementor-container elementor-column-gap-default\">\n\t\t\t\t\t<div class=\"elementor-column elementor-col-100 elementor-top-column elementor-element elementor-element-c099fef\" data-id=\"c099fef\" data-element_type=\"column\">\n\t\t\t<div class=\"elementor-widget-wrap elementor-element-populated\">\n\t\t\t\t\t\t<div class=\"elementor-element elementor-element-923f8d4 elementor-widget elementor-widget-heading\" data-id=\"923f8d4\" data-element_type=\"widget\" id=\"kpii\" data-widget_type=\"heading.default\">\n\t\t\t\t<div class=\"elementor-widget-container\">\n\t\t\t\t\t<h2 class=\"elementor-heading-title elementor-size-default\">KATEDRA STATYSTYKI<\/h2>\t\t\t\t<\/div>\n\t\t\t\t<\/div>\n\t\t\t\t<section data-particle_enable=\"false\" data-particle-mobile-disabled=\"false\" class=\"elementor-section elementor-inner-section elementor-element elementor-element-4f9f836 elementor-section-boxed elementor-section-height-default elementor-section-height-default\" data-id=\"4f9f836\" data-element_type=\"section\" data-settings=\"{&quot;jet_parallax_layout_list&quot;:[],&quot;background_background&quot;:&quot;classic&quot;,&quot;shape_divider_bottom&quot;:&quot;arrow&quot;,&quot;shape_divider_bottom_negative&quot;:&quot;yes&quot;}\">\n\t\t\t\t\t<div class=\"elementor-shape elementor-shape-bottom\" data-negative=\"true\">\n\t\t\t<svg xmlns=\"http:\/\/www.w3.org\/2000\/svg\" viewBox=\"0 0 700 10\" preserveAspectRatio=\"none\">\n\t<path class=\"elementor-shape-fill\" d=\"M360 0L350 9.9 340 0 0 0 0 10 700 10 700 0\"\/>\n<\/svg>\t\t<\/div>\n\t\t\t\t\t<div class=\"elementor-container elementor-column-gap-default\">\n\t\t\t\t\t<div class=\"elementor-column elementor-col-50 elementor-inner-column elementor-element elementor-element-7a9c1ea\" data-id=\"7a9c1ea\" data-element_type=\"column\">\n\t\t\t<div class=\"elementor-widget-wrap elementor-element-populated\">\n\t\t\t\t\t\t<div class=\"elementor-element elementor-element-6239586 elementor-widget elementor-widget-heading\" data-id=\"6239586\" data-element_type=\"widget\" data-widget_type=\"heading.default\">\n\t\t\t\t<div class=\"elementor-widget-container\">\n\t\t\t\t\t<h4 class=\"elementor-heading-title elementor-size-default\">Kierownik Katedry<\/h4>\t\t\t\t<\/div>\n\t\t\t\t<\/div>\n\t\t\t\t\t<\/div>\n\t\t<\/div>\n\t\t\t\t<div class=\"elementor-column elementor-col-50 elementor-inner-column elementor-element elementor-element-d1d5d6a\" data-id=\"d1d5d6a\" data-element_type=\"column\">\n\t\t\t<div class=\"elementor-widget-wrap elementor-element-populated\">\n\t\t\t\t\t\t<div class=\"elementor-element elementor-element-a114a1c elementor-widget elementor-widget-eael-post-list\" data-id=\"a114a1c\" data-element_type=\"widget\" data-widget_type=\"eael-post-list.default\">\n\t\t\t\t<div class=\"elementor-widget-container\">\n\t\t\t\t\t<div class=\"eael-post-list-container default layout-default\"><div class=\"eael-post-list-wrap\"><div class=\"eael-post-list-posts-wrap eael-post-appender eael-post-appender-a114a1c\"><div class=\"eael-post-list-post \"><div class=\"eael-post-list-thumbnail \"><a href=\"https:\/\/imins.uek.krakow.pl\/ks\/pracownicy\/pracownik-1\/\">\n                            <img decoding=\"async\" src=\"https:\/\/imins.uek.krakow.pl\/ks\/wp-content\/uploads\/sites\/3\/2023\/02\/person-ok.png\" alt=\"\">\n                        <\/a><\/div><div class=\"eael-post-list-content\"><h2 class=\"eael-post-list-title\"><a href=\"https:\/\/imins.uek.krakow.pl\/ks\/pracownicy\/pracownik-1\/\" >dr hab. Barbara Pawe\u0142ek, prof. UEK<\/a><\/h2><\/div><\/div><\/div><\/div>\n\t\t<\/div>\t\t\t\t<\/div>\n\t\t\t\t<\/div>\n\t\t\t\t\t<\/div>\n\t\t<\/div>\n\t\t\t\t\t<\/div>\n\t\t<\/section>\n\t\t\t\t<div class=\"elementor-element elementor-element-3b905d0 elementor-widget elementor-widget-eael-post-list\" data-id=\"3b905d0\" data-element_type=\"widget\" data-widget_type=\"eael-post-list.default\">\n\t\t\t\t<div class=\"elementor-widget-container\">\n\t\t\t\t\t<div class=\"eael-post-list-container default layout-default\"><div class=\"eael-post-list-wrap\"><div class=\"eael-post-list-posts-wrap eael-post-appender eael-post-appender-3b905d0\"><div class=\"eael-post-list-post eael-empty-thumbnail\"><div class=\"eael-post-list-thumbnail eael-empty-thumbnail\"><\/div><div class=\"eael-post-list-content\"><h2 class=\"eael-post-list-title\"><a href=\"https:\/\/imins.uek.krakow.pl\/ks\/pracownicy\/pracownik-3\/\" >Prof. dr hab. Monika Papie\u017c<\/a><\/h2><\/div><\/div><div class=\"eael-post-list-post eael-empty-thumbnail\"><div class=\"eael-post-list-thumbnail eael-empty-thumbnail\"><\/div><div class=\"eael-post-list-content\"><h2 class=\"eael-post-list-title\"><a href=\"https:\/\/imins.uek.krakow.pl\/ks\/pracownicy\/prof-dr-hab-jozef-pociecha\/\" >prof. dr hab. J\u00f3zef Pociecha<\/a><\/h2><\/div><\/div><div class=\"eael-post-list-post eael-empty-thumbnail\"><div class=\"eael-post-list-thumbnail eael-empty-thumbnail\"><\/div><div class=\"eael-post-list-content\"><h2 class=\"eael-post-list-title\"><a href=\"https:\/\/imins.uek.krakow.pl\/ks\/pracownicy\/prof-dr-hab-marcin-salamaga\/\" >prof. dr hab. Marcin Salamaga<\/a><\/h2><\/div><\/div><div class=\"eael-post-list-post eael-empty-thumbnail\"><div class=\"eael-post-list-thumbnail eael-empty-thumbnail\"><\/div><div class=\"eael-post-list-content\"><h2 class=\"eael-post-list-title\"><a href=\"https:\/\/imins.uek.krakow.pl\/ks\/pracownicy\/prof-dr-hab-andrzej-sokolowski\/\" >prof. dr hab. Andrzej Soko\u0142owski<\/a><\/h2><\/div><\/div><div class=\"eael-post-list-post eael-empty-thumbnail\"><div class=\"eael-post-list-thumbnail eael-empty-thumbnail\"><\/div><div class=\"eael-post-list-content\"><h2 class=\"eael-post-list-title\"><a href=\"https:\/\/imins.uek.krakow.pl\/ks\/pracownicy\/prof-dr-hab-slawomir-smiech\/\" >prof. dr hab. S\u0142awomir \u015amiech<\/a><\/h2><\/div><\/div><div class=\"eael-post-list-post eael-empty-thumbnail\"><div class=\"eael-post-list-thumbnail eael-empty-thumbnail\"><\/div><div class=\"eael-post-list-content\"><h2 class=\"eael-post-list-title\"><a href=\"https:\/\/imins.uek.krakow.pl\/ks\/pracownicy\/dr-hab-ewa-soja-prof-uek-copy\/\" >dr hab. Ewa Soja, prof. UEK<\/a><\/h2><\/div><\/div><div class=\"eael-post-list-post eael-empty-thumbnail\"><div class=\"eael-post-list-thumbnail eael-empty-thumbnail\"><\/div><div class=\"eael-post-list-content\"><h2 class=\"eael-post-list-title\"><a href=\"https:\/\/imins.uek.krakow.pl\/ks\/pracownicy\/dr-hab-marcin-stonawski-prof-uek\/\" >dr hab. Marcin Stonawski, prof. UEK<\/a><\/h2><\/div><\/div><div class=\"eael-post-list-post eael-empty-thumbnail\"><div class=\"eael-post-list-thumbnail eael-empty-thumbnail\"><\/div><div class=\"eael-post-list-content\"><h2 class=\"eael-post-list-title\"><a href=\"https:\/\/imins.uek.krakow.pl\/ks\/pracownicy\/dr-hab-pawel-ulman-prof-uek\/\" >dr hab. Pawe\u0142 Ulman, prof. UEK<\/a><\/h2><\/div><\/div><div class=\"eael-post-list-post eael-empty-thumbnail\"><div class=\"eael-post-list-thumbnail eael-empty-thumbnail\"><\/div><div class=\"eael-post-list-content\"><h2 class=\"eael-post-list-title\"><a href=\"https:\/\/imins.uek.krakow.pl\/ks\/pracownicy\/dr-agnieszka-walega\/\" >dr hab. Agnieszka Wa\u0142\u0119ga, Prof. UEK<\/a><\/h2><\/div><\/div><div class=\"eael-post-list-post eael-empty-thumbnail\"><div class=\"eael-post-list-thumbnail eael-empty-thumbnail\"><\/div><div class=\"eael-post-list-content\"><h2 class=\"eael-post-list-title\"><a href=\"https:\/\/imins.uek.krakow.pl\/ks\/pracownicy\/dr-sabina-augustyn\/\" >dr Sabina Augustyn<\/a><\/h2><\/div><\/div><div class=\"eael-post-list-post eael-empty-thumbnail\"><div class=\"eael-post-list-thumbnail eael-empty-thumbnail\"><\/div><div class=\"eael-post-list-content\"><h2 class=\"eael-post-list-title\"><a href=\"https:\/\/imins.uek.krakow.pl\/ks\/pracownicy\/dr-mateusz-baryla\/\" >dr Mateusz Bary\u0142a<\/a><\/h2><\/div><\/div><div class=\"eael-post-list-post eael-empty-thumbnail\"><div class=\"eael-post-list-thumbnail eael-empty-thumbnail\"><\/div><div class=\"eael-post-list-content\"><h2 class=\"eael-post-list-title\"><a href=\"https:\/\/imins.uek.krakow.pl\/ks\/pracownicy\/dr-krzysztof-czaderny\/\" >dr Krzysztof Czaderny<\/a><\/h2><\/div><\/div><div class=\"eael-post-list-post eael-empty-thumbnail\"><div class=\"eael-post-list-thumbnail eael-empty-thumbnail\"><\/div><div class=\"eael-post-list-content\"><h2 class=\"eael-post-list-title\"><a href=\"https:\/\/imins.uek.krakow.pl\/ks\/pracownicy\/dr-malgorzata-cwiek\/\" >dr Ma\u0142gorzata \u0106wiek<\/a><\/h2><\/div><\/div><div class=\"eael-post-list-post eael-empty-thumbnail\"><div class=\"eael-post-list-thumbnail eael-empty-thumbnail\"><\/div><div class=\"eael-post-list-content\"><h2 class=\"eael-post-list-title\"><a href=\"https:\/\/imins.uek.krakow.pl\/ks\/pracownicy\/dr-sabina-denkowska\/\" >dr Sabina Denkowska<\/a><\/h2><\/div><\/div><div class=\"eael-post-list-post eael-empty-thumbnail\"><div class=\"eael-post-list-thumbnail eael-empty-thumbnail\"><\/div><div class=\"eael-post-list-content\"><h2 class=\"eael-post-list-title\"><a href=\"https:\/\/imins.uek.krakow.pl\/ks\/pracownicy\/dr-kamil-fijorek\/\" >dr Kamil Fijorek<\/a><\/h2><\/div><\/div><div class=\"eael-post-list-post eael-empty-thumbnail\"><div class=\"eael-post-list-thumbnail eael-empty-thumbnail\"><\/div><div class=\"eael-post-list-content\"><h2 class=\"eael-post-list-title\"><a href=\"https:\/\/imins.uek.krakow.pl\/ks\/pracownicy\/dr-katarzyna-frodyma\/\" >dr Katarzyna Frodyma<\/a><\/h2><\/div><\/div><div class=\"eael-post-list-post eael-empty-thumbnail\"><div class=\"eael-post-list-thumbnail eael-empty-thumbnail\"><\/div><div class=\"eael-post-list-content\"><h2 class=\"eael-post-list-title\"><a href=\"https:\/\/imins.uek.krakow.pl\/ks\/pracownicy\/dr-roman-huptas\/\" >dr Roman Huptas<\/a><\/h2><\/div><\/div><div class=\"eael-post-list-post eael-empty-thumbnail\"><div class=\"eael-post-list-thumbnail eael-empty-thumbnail\"><\/div><div class=\"eael-post-list-content\"><h2 class=\"eael-post-list-title\"><a href=\"https:\/\/imins.uek.krakow.pl\/ks\/pracownicy\/dr-inz-oleksij-kelebaj\/\" >dr in\u017c. Oleksij Kelebaj<\/a><\/h2><\/div><\/div><div class=\"eael-post-list-post eael-empty-thumbnail\"><div class=\"eael-post-list-thumbnail eael-empty-thumbnail\"><\/div><div class=\"eael-post-list-content\"><h2 class=\"eael-post-list-title\"><a href=\"https:\/\/imins.uek.krakow.pl\/ks\/pracownicy\/dr-jadwiga-kostrzewska\/\" >dr Jadwiga Kostrzewska<\/a><\/h2><\/div><\/div><div class=\"eael-post-list-post eael-empty-thumbnail\"><div class=\"eael-post-list-thumbnail eael-empty-thumbnail\"><\/div><div class=\"eael-post-list-content\"><h2 class=\"eael-post-list-title\"><a href=\"https:\/\/imins.uek.krakow.pl\/ks\/pracownicy\/dr-artur-lipieta\/\" >dr Artur Lipieta<\/a><\/h2><\/div><\/div><div class=\"eael-post-list-post eael-empty-thumbnail\"><div class=\"eael-post-list-thumbnail eael-empty-thumbnail\"><\/div><div class=\"eael-post-list-content\"><h2 class=\"eael-post-list-title\"><a href=\"https:\/\/imins.uek.krakow.pl\/ks\/pracownicy\/dr-janusz-niezgoda\/\" >dr Janusz Niezgoda<\/a><\/h2><\/div><\/div><div class=\"eael-post-list-post eael-empty-thumbnail\"><div class=\"eael-post-list-thumbnail eael-empty-thumbnail\"><\/div><div class=\"eael-post-list-content\"><h2 class=\"eael-post-list-title\"><a href=\"https:\/\/imins.uek.krakow.pl\/ks\/pracownicy\/dr-beata-osiewalska\/\" >dr Beata Osiewalska<\/a><\/h2><\/div><\/div><div class=\"eael-post-list-post eael-empty-thumbnail\"><div class=\"eael-post-list-thumbnail eael-empty-thumbnail\"><\/div><div class=\"eael-post-list-content\"><h2 class=\"eael-post-list-title\"><a href=\"https:\/\/imins.uek.krakow.pl\/ks\/pracownicy\/dr-malgorzata-snarska\/\" >dr Ma\u0142gorzata Snarska<\/a><\/h2><\/div><\/div><div class=\"eael-post-list-post eael-empty-thumbnail\"><div class=\"eael-post-list-thumbnail eael-empty-thumbnail\"><\/div><div class=\"eael-post-list-content\"><h2 class=\"eael-post-list-title\"><a href=\"https:\/\/imins.uek.krakow.pl\/ks\/pracownicy\/mgr-joanna-burkot\/\" >mgr Joanna Burkot<\/a><\/h2><\/div><\/div><div class=\"eael-post-list-post eael-empty-thumbnail\"><div class=\"eael-post-list-thumbnail eael-empty-thumbnail\"><\/div><div class=\"eael-post-list-content\"><h2 class=\"eael-post-list-title\"><a href=\"https:\/\/imins.uek.krakow.pl\/ks\/pracownicy\/mgr-lukasz-cholewa\/\" >mgr \u0141ukasz Cholewa<\/a><\/h2><\/div><\/div><div class=\"eael-post-list-post eael-empty-thumbnail\"><div class=\"eael-post-list-thumbnail eael-empty-thumbnail\"><\/div><div class=\"eael-post-list-content\"><h2 class=\"eael-post-list-title\"><a href=\"https:\/\/imins.uek.krakow.pl\/ks\/pracownicy\/dr-oskar-knapik\/\" >mgr Kornelia K\u0142opecka<\/a><\/h2><\/div><\/div><div class=\"eael-post-list-post eael-empty-thumbnail\"><div class=\"eael-post-list-thumbnail eael-empty-thumbnail\"><\/div><div class=\"eael-post-list-content\"><h2 class=\"eael-post-list-title\"><a href=\"https:\/\/imins.uek.krakow.pl\/ks\/pracownicy\/mgr-maria-sadko\/\" >mgr Maria Sadko<\/a><\/h2><\/div><\/div><\/div><\/div>\n\t\t<\/div>\t\t\t\t<\/div>\n\t\t\t\t<\/div>\n\t\t\t\t\t<\/div>\n\t\t<\/div>\n\t\t\t\t\t<\/div>\n\t\t<\/section>\n\t\t\t\t<\/div>\n\t\t","protected":false},"excerpt":{"rendered":"<p>\/*! elementor &#8211; v3.12.0 &#8211; 29-03-2023 *\/ .elementor-heading-title{padding:0;margin:0;line-height:1}.elementor-widget-heading .elementor-heading-title[class*=elementor-size-]&gt;a{color:inherit;font-size:inherit;line-height:inherit}.elementor-widget-heading .elementor-heading-title.elementor-size-small{font-size:15px}.elementor-widget-heading .elementor-heading-title.elementor-size-medium{font-size:19px}.elementor-widget-heading .elementor-heading-title.elementor-size-large{font-size:29px}.elementor-widget-heading .elementor-heading-title.elementor-size-xl{font-size:39px}.elementor-widget-heading .elementor-heading-title.elementor-size-xxl{font-size:59px} KATEDRA STATYSTYKI Kierownik Katedry dr hab. Barbara Pawe\u0142ek, prof. UEK mgr Maria Ulman mgr Justyna Borowiec dr Agnieszka Wa\u0142\u0119ga dr Beata Osiewalska dr Janusz Niezgoda dr Artur Lipieta dr Jadwiga Kostrzewska dr Roman Huptas dr Katarzyna Frodyma dr Kamil Fijorek dr Sabina Denkowska dr Ma\u0142gorzata \u0106wiek dr Krzysztof Czaderny dr Mateusz Bary\u0142a dr Sabina Augustyn dr hab. Ewa Soja, prof. UEK dr hab. Pawe\u0142 Ulman, prof. UEK dr hab. S\u0142awomir \u015amiech, prof. UEK dr hab. Marcin Stonawski, prof. UEK prof. dr hab. Andrzej Soko\u0142owski prof. dr hab. J\u00f3zef Pociecha dr hab. Anna Malina, prof. UEK dr hab. Monika Papie\u017c, prof. UEK<\/p>\n","protected":false},"author":1,"featured_media":0,"parent":0,"menu_order":0,"comment_status":"closed","ping_status":"closed","template":"elementor_header_footer","meta":{"footnotes":""},"class_list":["post-174","page","type-page","status-publish","hentry"],"_links":{"self":[{"href":"https:\/\/imins.uek.krakow.pl\/ks\/wp-json\/wp\/v2\/pages\/174","targetHints":{"allow":["GET"]}}],"collection":[{"href":"https:\/\/imins.uek.krakow.pl\/ks\/wp-json\/wp\/v2\/pages"}],"about":[{"href":"https:\/\/imins.uek.krakow.pl\/ks\/wp-json\/wp\/v2\/types\/page"}],"author":[{"embeddable":true,"href":"https:\/\/imins.uek.krakow.pl\/ks\/wp-json\/wp\/v2\/users\/1"}],"replies":[{"embeddable":true,"href":"https:\/\/imins.uek.krakow.pl\/ks\/wp-json\/wp\/v2\/comments?post=174"}],"version-history":[{"count":6,"href":"https:\/\/imins.uek.krakow.pl\/ks\/wp-json\/wp\/v2\/pages\/174\/revisions"}],"predecessor-version":[{"id":1698,"href":"https:\/\/imins.uek.krakow.pl\/ks\/wp-json\/wp\/v2\/pages\/174\/revisions\/1698"}],"wp:attachment":[{"href":"https:\/\/imins.uek.krakow.pl\/ks\/wp-json\/wp\/v2\/media?parent=174"}],"curies":[{"name":"wp","href":"https:\/\/api.w.org\/{rel}","templated":true}]}}