{"id":212,"date":"2023-02-19T10:20:18","date_gmt":"2023-02-19T09:20:18","guid":{"rendered":"https:\/\/ie.uek.krakow.pl\/ke\/?page_id=212"},"modified":"2025-01-23T21:15:05","modified_gmt":"2025-01-23T20:15:05","slug":"partnerzy","status":"publish","type":"page","link":"https:\/\/imins.uek.krakow.pl\/km\/partnerzy\/","title":{"rendered":"Partnerzy"},"content":{"rendered":"\t\t<div data-elementor-type=\"wp-page\" data-elementor-id=\"212\" class=\"elementor elementor-212\">\n\t\t\t\t\t\t<section data-particle_enable=\"false\" data-particle-mobile-disabled=\"false\" class=\"elementor-section elementor-top-section elementor-element elementor-element-22080c8 elementor-section-boxed elementor-section-height-default elementor-section-height-default\" data-id=\"22080c8\" data-element_type=\"section\" data-settings=\"{&quot;jet_parallax_layout_list&quot;:[]}\">\n\t\t\t\t\t\t<div class=\"elementor-container elementor-column-gap-default\">\n\t\t\t\t\t<div class=\"elementor-column elementor-col-33 elementor-top-column elementor-element elementor-element-c20decf\" data-id=\"c20decf\" data-element_type=\"column\">\n\t\t\t<div class=\"elementor-widget-wrap elementor-element-populated\">\n\t\t\t\t\t\t<div class=\"elementor-element elementor-element-9764738 elementor-widget elementor-widget-image\" data-id=\"9764738\" data-element_type=\"widget\" data-widget_type=\"image.default\">\n\t\t\t\t<div class=\"elementor-widget-container\">\n\t\t\t\t\t\t\t\t\t\t\t\t\t\t\t<img decoding=\"async\" width=\"300\" height=\"158\" src=\"https:\/\/imins.uek.krakow.pl\/km\/wp-content\/uploads\/sites\/2\/2025\/01\/pobrane-300x158-1.png\" class=\"attachment-full size-full wp-image-1731\" alt=\"\" \/>\t\t\t\t\t\t\t\t\t\t\t\t\t\t\t<\/div>\n\t\t\t\t<\/div>\n\t\t\t\t\t<\/div>\n\t\t<\/div>\n\t\t\t\t<div class=\"elementor-column elementor-col-66 elementor-top-column elementor-element elementor-element-101f182\" data-id=\"101f182\" data-element_type=\"column\">\n\t\t\t<div class=\"elementor-widget-wrap elementor-element-populated\">\n\t\t\t\t\t\t<div class=\"elementor-element elementor-element-8723dd5 elementor-widget elementor-widget-heading\" data-id=\"8723dd5\" data-element_type=\"widget\" data-widget_type=\"heading.default\">\n\t\t\t\t<div class=\"elementor-widget-container\">\n\t\t\t\t\t<h2 class=\"elementor-heading-title elementor-size-default\">Verisk Analytics<\/h2>\t\t\t\t<\/div>\n\t\t\t\t<\/div>\n\t\t\t\t<div class=\"elementor-element elementor-element-ff81b7c elementor-widget elementor-widget-text-editor\" data-id=\"ff81b7c\" data-element_type=\"widget\" data-widget_type=\"text-editor.default\">\n\t\t\t\t<div class=\"elementor-widget-container\">\n\t\t\t\t\t\t\t\t\t<p>Firma Verisk Analytics podpisa\u0142a umow\u0119 patronatu kierunku Analityka Gospodarcza w Instytucie Metod Ilo\u015bciowych w Naukach Spo\u0142ecznego.<\/p><p>Pracownicy Katedra Matematyki prowadz\u0105 wiele zaj\u0119\u0107 na kierunku Analityka Gospodarcza, w spos\u00f3b aktywny anga\u017cuj\u0105c si\u0119 we wsp\u00f3\u0142prac\u0119 z firm\u0105 Verisk Analytics. Warto tutaj wymieni\u0107 dr Ann\u0119 Dankowska, od kt\u00f3rej ta wsp\u00f3\u0142praca si\u0119 rozpocz\u0119\u0142a i kt\u00f3ra dba o aspekty formalne tego patronatu. Nie spos\u00f3b r\u00f3wnie\u017c pomin\u0105\u0107 dr Sebastiana Barana wieloletniego pracownika Katedry Matematyki oraz pracownika firmy Verisk Analytics, kt\u00f3ry od lat oferuje ciesz\u0105ce si\u0119 du\u017c\u0105 popularno\u015bci\u0105 wyk\u0142ady do wyboru z uczenia maszynowego, big data oraz Power BI.<\/p><p>Wi\u0119cej informacji na temat umowy patronatu z firm\u0105 Verisk Analytics mo\u017cna znale\u017a\u0107 pod poni\u017cszym linkiem.<\/p><p>\u00a0<\/p>\t\t\t\t\t\t\t\t<\/div>\n\t\t\t\t<\/div>\n\t\t\t\t<div class=\"elementor-element elementor-element-30626b33 elementor-align-right elementor-button-info elementor-widget elementor-widget-button\" data-id=\"30626b33\" data-element_type=\"widget\" data-widget_type=\"button.default\">\n\t\t\t\t<div class=\"elementor-widget-container\">\n\t\t\t\t\t\t\t\t\t<div class=\"elementor-button-wrapper\">\n\t\t\t\t\t<a class=\"elementor-button elementor-button-link elementor-size-sm\" href=\"https:\/\/imins.uek.krakow.pl\/partnerzy\/\" target=\"_blank\">\n\t\t\t\t\t\t<span class=\"elementor-button-content-wrapper\">\n\t\t\t\t\t\t<span class=\"elementor-button-icon\">\n\t\t\t\t\t\t\t<\/span>\n\t\t\t\t\t\t\t\t\t<span class=\"elementor-button-text\">Zobacz wi\u0119cej<\/span>\n\t\t\t\t\t<\/span>\n\t\t\t\t\t<\/a>\n\t\t\t\t<\/div>\n\t\t\t\t\t\t\t\t<\/div>\n\t\t\t\t<\/div>\n\t\t\t\t\t<\/div>\n\t\t<\/div>\n\t\t\t\t\t<\/div>\n\t\t<\/section>\n\t\t\t\t<\/div>\n\t\t","protected":false},"excerpt":{"rendered":"<p>Verisk Analytics Firma Verisk Analytics podpisa\u0142a umow\u0119 patronatu kierunku Analityka Gospodarcza w Instytucie Metod Ilo\u015bciowych w Naukach Spo\u0142ecznego. Pracownicy Katedra Matematyki prowadz\u0105 wiele zaj\u0119\u0107 na kierunku Analityka Gospodarcza, w spos\u00f3b aktywny anga\u017cuj\u0105c si\u0119 we wsp\u00f3\u0142prac\u0119 z firm\u0105 Verisk Analytics. Warto tutaj wymieni\u0107 dr Ann\u0119 Dankowska, od kt\u00f3rej ta wsp\u00f3\u0142praca si\u0119 rozpocz\u0119\u0142a i kt\u00f3ra dba o aspekty formalne tego patronatu. Nie spos\u00f3b r\u00f3wnie\u017c pomin\u0105\u0107 dr Sebastiana Barana wieloletniego pracownika Katedry Matematyki oraz pracownika firmy Verisk Analytics, kt\u00f3ry od lat oferuje ciesz\u0105ce si\u0119 du\u017c\u0105 popularno\u015bci\u0105 wyk\u0142ady do wyboru z uczenia maszynowego, big data oraz Power BI. Wi\u0119cej informacji na temat umowy patronatu z firm\u0105 Verisk Analytics mo\u017cna znale\u017a\u0107 pod poni\u017cszym linkiem. \u00a0 Zobacz wi\u0119cej<\/p>\n","protected":false},"author":1,"featured_media":0,"parent":0,"menu_order":0,"comment_status":"closed","ping_status":"closed","template":"elementor_header_footer","meta":{"footnotes":""},"class_list":["post-212","page","type-page","status-publish","hentry"],"_links":{"self":[{"href":"https:\/\/imins.uek.krakow.pl\/km\/wp-json\/wp\/v2\/pages\/212","targetHints":{"allow":["GET"]}}],"collection":[{"href":"https:\/\/imins.uek.krakow.pl\/km\/wp-json\/wp\/v2\/pages"}],"about":[{"href":"https:\/\/imins.uek.krakow.pl\/km\/wp-json\/wp\/v2\/types\/page"}],"author":[{"embeddable":true,"href":"https:\/\/imins.uek.krakow.pl\/km\/wp-json\/wp\/v2\/users\/1"}],"replies":[{"embeddable":true,"href":"https:\/\/imins.uek.krakow.pl\/km\/wp-json\/wp\/v2\/comments?post=212"}],"version-history":[{"count":3,"href":"https:\/\/imins.uek.krakow.pl\/km\/wp-json\/wp\/v2\/pages\/212\/revisions"}],"predecessor-version":[{"id":1734,"href":"https:\/\/imins.uek.krakow.pl\/km\/wp-json\/wp\/v2\/pages\/212\/revisions\/1734"}],"wp:attachment":[{"href":"https:\/\/imins.uek.krakow.pl\/km\/wp-json\/wp\/v2\/media?parent=212"}],"curies":[{"name":"wp","href":"https:\/\/api.w.org\/{rel}","templated":true}]}}