{"id":100,"date":"2023-02-19T00:28:28","date_gmt":"2023-02-18T23:28:28","guid":{"rendered":"https:\/\/ie.uek.krakow.pl\/ke\/?page_id=100"},"modified":"2024-07-04T00:29:57","modified_gmt":"2024-07-03T22:29:57","slug":"aktualnosci","status":"publish","type":"page","link":"https:\/\/imins.uek.krakow.pl\/km\/aktualnosci\/","title":{"rendered":"Aktualno\u015bci"},"content":{"rendered":"\t\t<div data-elementor-type=\"wp-page\" data-elementor-id=\"100\" class=\"elementor elementor-100\">\n\t\t\t\t\t\t<section data-particle_enable=\"false\" data-particle-mobile-disabled=\"false\" class=\"elementor-section elementor-top-section elementor-element elementor-element-b1422da elementor-section-boxed elementor-section-height-default elementor-section-height-default\" data-id=\"b1422da\" data-element_type=\"section\" data-settings=\"{&quot;jet_parallax_layout_list&quot;:[]}\">\n\t\t\t\t\t\t<div class=\"elementor-container elementor-column-gap-default\">\n\t\t\t\t\t<div class=\"elementor-column elementor-col-100 elementor-top-column elementor-element elementor-element-40ed5763\" data-id=\"40ed5763\" data-element_type=\"column\">\n\t\t\t<div class=\"elementor-widget-wrap elementor-element-populated\">\n\t\t\t\t\t\t<div class=\"elementor-element elementor-element-15bbf765 elementor-grid-tablet_extra-eael-col-4 elementor-grid-eael-col-3 elementor-grid-tablet-eael-col-2 elementor-grid-mobile-eael-col-1 elementor-widget elementor-widget-eael-post-grid\" data-id=\"15bbf765\" data-element_type=\"widget\" data-settings=\"{&quot;eael_post_grid_columns_tablet_extra&quot;:&quot;eael-col-4&quot;,&quot;eael_post_grid_columns&quot;:&quot;eael-col-3&quot;,&quot;eael_post_grid_columns_tablet&quot;:&quot;eael-col-2&quot;,&quot;eael_post_grid_columns_mobile&quot;:&quot;eael-col-1&quot;}\" data-widget_type=\"eael-post-grid.default\">\n\t\t\t\t<div class=\"elementor-widget-container\">\n\t\t\t\t\t<div id=\"eael-post-grid-15bbf765\" class=\"eael-post-grid-container\">\n            <div class=\"eael-post-grid eael-post-appender eael-post-appender-15bbf765 eael-post-grid-style-two\" data-layout-mode=\"grid\"><article class=\"eael-grid-post eael-post-grid-column\" data-id=\"1766\">\n        <div class=\"eael-grid-post-holder\">\n            <div class=\"eael-grid-post-holder-inner\"><div class=\"eael-entry-media\"><div class=\"eael-entry-overlay fade-in\"><i class=\"fas fa-long-arrow-alt-right\" aria-hidden=\"true\"><\/i><a href=\"https:\/\/imins.uek.krakow.pl\/km\/2025\/10\/19\/kapitula-nagrody-im-prof-andrzeja-malawskiego-przyznala-nagrode-dla-mlodych-naukowcow-za-osiagniecia-w-latach-2023-2024\/\"><\/a><\/div><div class=\"eael-entry-thumbnail \">\n                                <img fetchpriority=\"high\" decoding=\"async\" width=\"960\" height=\"530\" src=\"https:\/\/imins.uek.krakow.pl\/km\/wp-content\/uploads\/sites\/2\/2025\/10\/Zrzut-ekranu-2025-10-19-o-21.15.46-1024x565.png\" class=\"attachment-large size-large wp-image-1775\" alt=\"\" srcset=\"https:\/\/imins.uek.krakow.pl\/km\/wp-content\/uploads\/sites\/2\/2025\/10\/Zrzut-ekranu-2025-10-19-o-21.15.46-1024x565.png 1024w, https:\/\/imins.uek.krakow.pl\/km\/wp-content\/uploads\/sites\/2\/2025\/10\/Zrzut-ekranu-2025-10-19-o-21.15.46-300x165.png 300w, https:\/\/imins.uek.krakow.pl\/km\/wp-content\/uploads\/sites\/2\/2025\/10\/Zrzut-ekranu-2025-10-19-o-21.15.46-768x423.png 768w, https:\/\/imins.uek.krakow.pl\/km\/wp-content\/uploads\/sites\/2\/2025\/10\/Zrzut-ekranu-2025-10-19-o-21.15.46-1140x629.png 1140w, https:\/\/imins.uek.krakow.pl\/km\/wp-content\/uploads\/sites\/2\/2025\/10\/Zrzut-ekranu-2025-10-19-o-21.15.46.png 1382w\" sizes=\"(max-width: 960px) 100vw, 960px\" \/>\n                              <\/div>\n                      <\/div><div class=\"eael-entry-wrapper\"><header class=\"eael-entry-header\"><h2 class=\"eael-entry-title\"><a class=\"eael-grid-post-link\" href=\"https:\/\/imins.uek.krakow.pl\/km\/2025\/10\/19\/kapitula-nagrody-im-prof-andrzeja-malawskiego-przyznala-nagrode-dla-mlodych-naukowcow-za-osiagniecia-w-latach-2023-2024\/\" title=\"Kapitu\u0142a Nagrody im. Prof. Andrzeja Malawskiego przyzna\u0142a Nagrod\u0119 dla m\u0142odych naukowc\u00f3w za osi\u0105gni\u0119cia w latach 2023-2024.\">Kapitu\u0142a Nagrody im. Prof. Andrzeja Malawskiego przyzna\u0142a Nagrod\u0119 dla m\u0142odych naukowc\u00f3w za osi\u0105gni\u0119cia w latach 2023-2024.<\/a><\/h2><\/header><div class=\"eael-entry-header-after style-two\"><div class=\"eael-entry-meta\"><span class=\"eael-posted-on eael-meta-posted-on\"><i class=\"far fa-clock\"><\/i><time datetime=\"2025-10-19\">2025-10-19<\/time><\/span><\/div><\/div><div class=\"eael-entry-content\">\n                                    <div class=\"eael-grid-post-excerpt\"><p>Kapitu\u0142a Nagrody im. Prof. A. Malawskiego przyzna\u0142a w 2025 roku...<\/p><a\n                                        href=\"https:\/\/imins.uek.krakow.pl\/km\/2025\/10\/19\/kapitula-nagrody-im-prof-andrzeja-malawskiego-przyznala-nagrode-dla-mlodych-naukowcow-za-osiagniecia-w-latach-2023-2024\/\"\n                                        class=\"eael-post-elements-readmore-btn\">Czytaj wi\u0119cej  \u2013&gt;<\/a><\/div>\n                                <\/div><\/div><\/div>\n        <\/div>\n    <\/article><article class=\"eael-grid-post eael-post-grid-column\" data-id=\"1744\">\n        <div class=\"eael-grid-post-holder\">\n            <div class=\"eael-grid-post-holder-inner\"><div class=\"eael-entry-media\"><div class=\"eael-entry-overlay fade-in\"><i class=\"fas fa-long-arrow-alt-right\" aria-hidden=\"true\"><\/i><a href=\"https:\/\/imins.uek.krakow.pl\/km\/2024\/12\/04\/dr-anna-denkowska-zdobywca-grantu-ncn-opus-27\/\"><\/a><\/div><div class=\"eael-entry-thumbnail \">\n                                <img decoding=\"async\" width=\"275\" height=\"183\" src=\"https:\/\/imins.uek.krakow.pl\/km\/wp-content\/uploads\/sites\/2\/2024\/06\/download.png\" class=\"attachment-large size-large wp-image-1728\" alt=\"\" \/>\n                              <\/div>\n                      <\/div><div class=\"eael-entry-wrapper\"><header class=\"eael-entry-header\"><h2 class=\"eael-entry-title\"><a class=\"eael-grid-post-link\" href=\"https:\/\/imins.uek.krakow.pl\/km\/2024\/12\/04\/dr-anna-denkowska-zdobywca-grantu-ncn-opus-27\/\" title=\"dr Anna Denkowska zdobywc\u0105 grantu NCN OPUS 27\">dr Anna Denkowska zdobywc\u0105 grantu NCN OPUS 27<\/a><\/h2><\/header><div class=\"eael-entry-header-after style-two\"><div class=\"eael-entry-meta\"><span class=\"eael-posted-on eael-meta-posted-on\"><i class=\"far fa-clock\"><\/i><time datetime=\"2024-12-04\">2024-12-04<\/time><\/span><\/div><\/div><div class=\"eael-entry-content\">\n                                    <div class=\"eael-grid-post-excerpt\"><p>Z przyjemno\u015bci\u0105 informujemy o kolejnym sukcesie w naszej Katedrze.Nasza Kole\u017canka...<\/p><a\n                                        href=\"https:\/\/imins.uek.krakow.pl\/km\/2024\/12\/04\/dr-anna-denkowska-zdobywca-grantu-ncn-opus-27\/\"\n                                        class=\"eael-post-elements-readmore-btn\">Czytaj wi\u0119cej  \u2013&gt;<\/a><\/div>\n                                <\/div><\/div><\/div>\n        <\/div>\n    <\/article><article class=\"eael-grid-post eael-post-grid-column\" data-id=\"1738\">\n        <div class=\"eael-grid-post-holder\">\n            <div class=\"eael-grid-post-holder-inner\"><div class=\"eael-entry-media\"><div class=\"eael-entry-overlay fade-in\"><i class=\"fas fa-long-arrow-alt-right\" aria-hidden=\"true\"><\/i><a href=\"https:\/\/imins.uek.krakow.pl\/km\/2024\/11\/25\/dr-igor-sikora-zdobywca-grantu-ncn-miniatura-8\/\"><\/a><\/div><div class=\"eael-entry-thumbnail \">\n                                <img decoding=\"async\" width=\"275\" height=\"183\" src=\"https:\/\/imins.uek.krakow.pl\/km\/wp-content\/uploads\/sites\/2\/2024\/06\/download.png\" class=\"attachment-large size-large wp-image-1728\" alt=\"\" \/>\n                              <\/div>\n                      <\/div><div class=\"eael-entry-wrapper\"><header class=\"eael-entry-header\"><h2 class=\"eael-entry-title\"><a class=\"eael-grid-post-link\" href=\"https:\/\/imins.uek.krakow.pl\/km\/2024\/11\/25\/dr-igor-sikora-zdobywca-grantu-ncn-miniatura-8\/\" title=\"dr Igor Sikora zdobywc\u0105 grantu NCN Miniatura 8\">dr Igor Sikora zdobywc\u0105 grantu NCN Miniatura 8<\/a><\/h2><\/header><div class=\"eael-entry-header-after style-two\"><div class=\"eael-entry-meta\"><span class=\"eael-posted-on eael-meta-posted-on\"><i class=\"far fa-clock\"><\/i><time datetime=\"2024-11-25\">2024-11-25<\/time><\/span><\/div><\/div><div class=\"eael-entry-content\">\n                                    <div class=\"eael-grid-post-excerpt\"><p>Z przyjemno\u015bci\u0105 informujemy o kolejnym sukcesie jednego z pracownik\u00f3w Katedry...<\/p><a\n                                        href=\"https:\/\/imins.uek.krakow.pl\/km\/2024\/11\/25\/dr-igor-sikora-zdobywca-grantu-ncn-miniatura-8\/\"\n                                        class=\"eael-post-elements-readmore-btn\">Czytaj wi\u0119cej  \u2013&gt;<\/a><\/div>\n                                <\/div><\/div><\/div>\n        <\/div>\n    <\/article><article class=\"eael-grid-post eael-post-grid-column\" data-id=\"1346\">\n        <div class=\"eael-grid-post-holder\">\n            <div class=\"eael-grid-post-holder-inner\"><div class=\"eael-entry-media\"><div class=\"eael-entry-overlay fade-in\"><i class=\"fas fa-long-arrow-alt-right\" aria-hidden=\"true\"><\/i><a href=\"https:\/\/imins.uek.krakow.pl\/km\/2024\/07\/03\/jubileusz-60-lecia-pracy-akademickiej-pana-profesora-tadeusza-stanisza\/\"><\/a><\/div><div class=\"eael-entry-thumbnail \">\n                                <img decoding=\"async\" width=\"960\" height=\"640\" src=\"https:\/\/imins.uek.krakow.pl\/km\/wp-content\/uploads\/sites\/2\/2024\/07\/PM_0059-1024x683.jpg\" class=\"attachment-large size-large wp-image-1351\" alt=\"\" srcset=\"https:\/\/imins.uek.krakow.pl\/km\/wp-content\/uploads\/sites\/2\/2024\/07\/PM_0059-1024x683.jpg 1024w, https:\/\/imins.uek.krakow.pl\/km\/wp-content\/uploads\/sites\/2\/2024\/07\/PM_0059-300x200.jpg 300w, https:\/\/imins.uek.krakow.pl\/km\/wp-content\/uploads\/sites\/2\/2024\/07\/PM_0059-768x512.jpg 768w, https:\/\/imins.uek.krakow.pl\/km\/wp-content\/uploads\/sites\/2\/2024\/07\/PM_0059-1536x1024.jpg 1536w, https:\/\/imins.uek.krakow.pl\/km\/wp-content\/uploads\/sites\/2\/2024\/07\/PM_0059-2048x1365.jpg 2048w, https:\/\/imins.uek.krakow.pl\/km\/wp-content\/uploads\/sites\/2\/2024\/07\/PM_0059-1140x760.jpg 1140w\" sizes=\"(max-width: 960px) 100vw, 960px\" \/>\n                              <\/div>\n                      <\/div><div class=\"eael-entry-wrapper\"><header class=\"eael-entry-header\"><h2 class=\"eael-entry-title\"><a class=\"eael-grid-post-link\" href=\"https:\/\/imins.uek.krakow.pl\/km\/2024\/07\/03\/jubileusz-60-lecia-pracy-akademickiej-pana-profesora-tadeusza-stanisza\/\" title=\"Jubileusz 60-lecia pracy akademickiej Pana Profesora Tadeusza Stanisza\">Jubileusz 60-lecia pracy akademickiej Pana Profesora Tadeusza Stanisza<\/a><\/h2><\/header><div class=\"eael-entry-header-after style-two\"><div class=\"eael-entry-meta\"><span class=\"eael-posted-on eael-meta-posted-on\"><i class=\"far fa-clock\"><\/i><time datetime=\"2024-07-03\">2024-07-03<\/time><\/span><\/div><\/div><div class=\"eael-entry-content\">\n                                    <div class=\"eael-grid-post-excerpt\"><p>W pa\u017adzierniku 1964 roku, Pan Magister Tadeusz Stanisz rozpocz\u0105\u0142 prac\u0119...<\/p><a\n                                        href=\"https:\/\/imins.uek.krakow.pl\/km\/2024\/07\/03\/jubileusz-60-lecia-pracy-akademickiej-pana-profesora-tadeusza-stanisza\/\"\n                                        class=\"eael-post-elements-readmore-btn\">Czytaj wi\u0119cej  \u2013&gt;<\/a><\/div>\n                                <\/div><\/div><\/div>\n        <\/div>\n    <\/article><article class=\"eael-grid-post eael-post-grid-column\" data-id=\"1724\">\n        <div class=\"eael-grid-post-holder\">\n            <div class=\"eael-grid-post-holder-inner\"><div class=\"eael-entry-media\"><div class=\"eael-entry-overlay fade-in\"><i class=\"fas fa-long-arrow-alt-right\" aria-hidden=\"true\"><\/i><a href=\"https:\/\/imins.uek.krakow.pl\/km\/2024\/06\/05\/granty-ncn-dla-pracownikow-katedry-matematyki\/\"><\/a><\/div><div class=\"eael-entry-thumbnail \">\n                                <img decoding=\"async\" width=\"275\" height=\"183\" src=\"https:\/\/imins.uek.krakow.pl\/km\/wp-content\/uploads\/sites\/2\/2024\/06\/download.png\" class=\"attachment-large size-large wp-image-1728\" alt=\"\" \/>\n                              <\/div>\n                      <\/div><div class=\"eael-entry-wrapper\"><header class=\"eael-entry-header\"><h2 class=\"eael-entry-title\"><a class=\"eael-grid-post-link\" href=\"https:\/\/imins.uek.krakow.pl\/km\/2024\/06\/05\/granty-ncn-dla-pracownikow-katedry-matematyki\/\" title=\"Granty NCN dla pracownik\u00f3w Katedry Matematyki\">Granty NCN dla pracownik\u00f3w Katedry Matematyki<\/a><\/h2><\/header><div class=\"eael-entry-header-after style-two\"><div class=\"eael-entry-meta\"><span class=\"eael-posted-on eael-meta-posted-on\"><i class=\"far fa-clock\"><\/i><time datetime=\"2024-06-05\">2024-06-05<\/time><\/span><\/div><\/div><div class=\"eael-entry-content\">\n                                    <div class=\"eael-grid-post-excerpt\"><p>\u00a0 Jest nam ogromnie mi\u0142o og\u0142osi\u0107 wszem i wobec o...<\/p><a\n                                        href=\"https:\/\/imins.uek.krakow.pl\/km\/2024\/06\/05\/granty-ncn-dla-pracownikow-katedry-matematyki\/\"\n                                        class=\"eael-post-elements-readmore-btn\">Czytaj wi\u0119cej  \u2013&gt;<\/a><\/div>\n                                <\/div><\/div><\/div>\n        <\/div>\n    <\/article><\/div>\n            <div class=\"clearfix\"><\/div>\n        <\/div>\t\t\t\t<\/div>\n\t\t\t\t<\/div>\n\t\t\t\t\t<\/div>\n\t\t<\/div>\n\t\t\t\t\t<\/div>\n\t\t<\/section>\n\t\t\t\t<\/div>\n\t\t","protected":false},"excerpt":{"rendered":"<p>Jubileusz 60-lecia pracy akademickiej Pana Profesora Tadeusza Stanisza 2024-07-03 W pa\u017adzierniku 1964 roku, Pan Magister Tadeusz Stanisz rozpocz\u0105\u0142 prac\u0119&#8230; Czytaj wi\u0119cej \u2013&gt;<\/p>\n","protected":false},"author":1,"featured_media":0,"parent":0,"menu_order":0,"comment_status":"closed","ping_status":"closed","template":"elementor_header_footer","meta":{"footnotes":""},"class_list":["post-100","page","type-page","status-publish","hentry"],"_links":{"self":[{"href":"https:\/\/imins.uek.krakow.pl\/km\/wp-json\/wp\/v2\/pages\/100","targetHints":{"allow":["GET"]}}],"collection":[{"href":"https:\/\/imins.uek.krakow.pl\/km\/wp-json\/wp\/v2\/pages"}],"about":[{"href":"https:\/\/imins.uek.krakow.pl\/km\/wp-json\/wp\/v2\/types\/page"}],"author":[{"embeddable":true,"href":"https:\/\/imins.uek.krakow.pl\/km\/wp-json\/wp\/v2\/users\/1"}],"replies":[{"embeddable":true,"href":"https:\/\/imins.uek.krakow.pl\/km\/wp-json\/wp\/v2\/comments?post=100"}],"version-history":[{"count":6,"href":"https:\/\/imins.uek.krakow.pl\/km\/wp-json\/wp\/v2\/pages\/100\/revisions"}],"predecessor-version":[{"id":1436,"href":"https:\/\/imins.uek.krakow.pl\/km\/wp-json\/wp\/v2\/pages\/100\/revisions\/1436"}],"wp:attachment":[{"href":"https:\/\/imins.uek.krakow.pl\/km\/wp-json\/wp\/v2\/media?parent=100"}],"curies":[{"name":"wp","href":"https:\/\/api.w.org\/{rel}","templated":true}]}}