{"id":174,"date":"2023-02-19T01:50:07","date_gmt":"2023-02-19T00:50:07","guid":{"rendered":"https:\/\/ie.uek.krakow.pl\/ke\/?page_id=174"},"modified":"2024-12-16T14:28:03","modified_gmt":"2024-12-16T13:28:03","slug":"pracownicy-uek","status":"publish","type":"page","link":"https:\/\/imins.uek.krakow.pl\/kebo\/pracownicy-uek\/","title":{"rendered":"Pracownicy"},"content":{"rendered":"\t\t<div data-elementor-type=\"wp-page\" data-elementor-id=\"174\" class=\"elementor elementor-174\" data-elementor-post-type=\"page\">\n\t\t\t\t\t\t<section data-particle_enable=\"false\" data-particle-mobile-disabled=\"false\" class=\"elementor-section elementor-top-section elementor-element elementor-element-be20bad elementor-section-boxed elementor-section-height-default elementor-section-height-default\" data-id=\"be20bad\" data-element_type=\"section\" data-settings=\"{&quot;jet_parallax_layout_list&quot;:[]}\">\n\t\t\t\t\t\t<div class=\"elementor-container elementor-column-gap-default\">\n\t\t\t\t\t<div class=\"elementor-column elementor-col-100 elementor-top-column elementor-element elementor-element-c099fef\" data-id=\"c099fef\" data-element_type=\"column\">\n\t\t\t<div class=\"elementor-widget-wrap elementor-element-populated\">\n\t\t\t\t\t\t<div class=\"elementor-element elementor-element-923f8d4 elementor-widget elementor-widget-heading\" data-id=\"923f8d4\" data-element_type=\"widget\" id=\"kpii\" data-widget_type=\"heading.default\">\n\t\t\t\t<div class=\"elementor-widget-container\">\n\t\t\t\t\t<h2 class=\"elementor-heading-title elementor-size-default\">Katedra Ekonometrii i Bada\u0144 Operacyjnych<\/h2>\t\t\t\t<\/div>\n\t\t\t\t<\/div>\n\t\t\t\t<section data-particle_enable=\"false\" data-particle-mobile-disabled=\"false\" class=\"elementor-section elementor-inner-section elementor-element elementor-element-4f9f836 elementor-section-boxed elementor-section-height-default elementor-section-height-default\" data-id=\"4f9f836\" data-element_type=\"section\" data-settings=\"{&quot;jet_parallax_layout_list&quot;:[],&quot;background_background&quot;:&quot;classic&quot;,&quot;shape_divider_bottom&quot;:&quot;arrow&quot;,&quot;shape_divider_bottom_negative&quot;:&quot;yes&quot;}\">\n\t\t\t\t\t<div class=\"elementor-shape elementor-shape-bottom\" data-negative=\"true\">\n\t\t\t<svg xmlns=\"http:\/\/www.w3.org\/2000\/svg\" viewBox=\"0 0 700 10\" preserveAspectRatio=\"none\">\n\t<path class=\"elementor-shape-fill\" d=\"M360 0L350 9.9 340 0 0 0 0 10 700 10 700 0\"\/>\n<\/svg>\t\t<\/div>\n\t\t\t\t\t<div class=\"elementor-container elementor-column-gap-default\">\n\t\t\t\t\t<div class=\"elementor-column elementor-col-50 elementor-inner-column elementor-element elementor-element-7a9c1ea\" data-id=\"7a9c1ea\" data-element_type=\"column\">\n\t\t\t<div class=\"elementor-widget-wrap elementor-element-populated\">\n\t\t\t\t\t\t<div class=\"elementor-element elementor-element-6239586 elementor-widget elementor-widget-heading\" data-id=\"6239586\" data-element_type=\"widget\" data-widget_type=\"heading.default\">\n\t\t\t\t<div class=\"elementor-widget-container\">\n\t\t\t\t\t<h4 class=\"elementor-heading-title elementor-size-default\">Kierownik Katedry<\/h4>\t\t\t\t<\/div>\n\t\t\t\t<\/div>\n\t\t\t\t\t<\/div>\n\t\t<\/div>\n\t\t\t\t<div class=\"elementor-column elementor-col-50 elementor-inner-column elementor-element elementor-element-d1d5d6a\" data-id=\"d1d5d6a\" data-element_type=\"column\">\n\t\t\t<div class=\"elementor-widget-wrap elementor-element-populated\">\n\t\t\t\t\t\t<div class=\"elementor-element elementor-element-a114a1c elementor-widget elementor-widget-eael-post-list\" data-id=\"a114a1c\" data-element_type=\"widget\" data-widget_type=\"eael-post-list.default\">\n\t\t\t\t<div class=\"elementor-widget-container\">\n\t\t\t\t\t<div class=\"eael-post-list-container default layout-default\"><div class=\"eael-post-list-wrap\"><div class=\"eael-post-list-posts-wrap eael-post-appender eael-post-appender-a114a1c\"><div class=\"eael-post-list-post \"><div class=\"eael-post-list-thumbnail \"><a href=\"https:\/\/imins.uek.krakow.pl\/kebo\/pracownicy\/dr-hab-jerzy-marzec-prof-uek\/\">\n                            <img decoding=\"async\" src=\"https:\/\/imins.uek.krakow.pl\/kebo\/wp-content\/uploads\/sites\/4\/2023\/02\/person-ok.png\" alt=\"\">\n                        <\/a><\/div><div class=\"eael-post-list-content\"><h2 class=\"eael-post-list-title\"><a href=\"https:\/\/imins.uek.krakow.pl\/kebo\/pracownicy\/dr-hab-jerzy-marzec-prof-uek\/\" >Dr hab. Jerzy Marzec, prof. UEK<\/a><\/h2><\/div><\/div><\/div><\/div>\n\t\t<\/div>\t\t\t\t<\/div>\n\t\t\t\t<\/div>\n\t\t\t\t\t<\/div>\n\t\t<\/div>\n\t\t\t\t\t<\/div>\n\t\t<\/section>\n\t\t\t\t<div class=\"elementor-element elementor-element-3b905d0 elementor-widget elementor-widget-eael-post-list\" data-id=\"3b905d0\" data-element_type=\"widget\" data-widget_type=\"eael-post-list.default\">\n\t\t\t\t<div class=\"elementor-widget-container\">\n\t\t\t\t\t<div class=\"eael-post-list-container default layout-default\"><div class=\"eael-post-list-wrap\"><div class=\"eael-post-list-posts-wrap eael-post-appender eael-post-appender-3b905d0\"><div class=\"eael-post-list-post \"><div class=\"eael-post-list-thumbnail \"><a href=\"https:\/\/imins.uek.krakow.pl\/kebo\/pracownicy\/prof-dr-hab-jacek-osiewalski\/\">\n                            <img decoding=\"async\" src=\"https:\/\/imins.uek.krakow.pl\/kebo\/wp-content\/uploads\/sites\/4\/2023\/02\/person-ok.png\" alt=\"\">\n                        <\/a><\/div><div class=\"eael-post-list-content\"><h2 class=\"eael-post-list-title\"><a href=\"https:\/\/imins.uek.krakow.pl\/kebo\/pracownicy\/prof-dr-hab-jacek-osiewalski\/\" >Prof. dr hab. Jacek Osiewalski<\/a><\/h2><\/div><\/div><div class=\"eael-post-list-post \"><div class=\"eael-post-list-thumbnail \"><a href=\"https:\/\/imins.uek.krakow.pl\/kebo\/pracownicy\/dr-hab-artur-predki-prof-uek\/\">\n                            <img decoding=\"async\" src=\"https:\/\/imins.uek.krakow.pl\/kebo\/wp-content\/uploads\/sites\/4\/2023\/10\/A.-Predki-scaled.jpg\" alt=\"\">\n                        <\/a><\/div><div class=\"eael-post-list-content\"><h2 class=\"eael-post-list-title\"><a href=\"https:\/\/imins.uek.krakow.pl\/kebo\/pracownicy\/dr-hab-artur-predki-prof-uek\/\" >Dr hab. Artur Pr\u0119dki, prof. UEK<\/a><\/h2><\/div><\/div><div class=\"eael-post-list-post \"><div class=\"eael-post-list-thumbnail \"><a href=\"https:\/\/imins.uek.krakow.pl\/kebo\/pracownicy\/dr-hab-maciej-kostrzewski-prof-uek\/\">\n                            <img decoding=\"async\" src=\"https:\/\/imins.uek.krakow.pl\/kebo\/wp-content\/uploads\/sites\/4\/2023\/02\/person-ok.png\" alt=\"\">\n                        <\/a><\/div><div class=\"eael-post-list-content\"><h2 class=\"eael-post-list-title\"><a href=\"https:\/\/imins.uek.krakow.pl\/kebo\/pracownicy\/dr-hab-maciej-kostrzewski-prof-uek\/\" >Dr hab. Maciej Kostrzewski, prof. UEK<\/a><\/h2><\/div><\/div><div class=\"eael-post-list-post \"><div class=\"eael-post-list-thumbnail \"><a href=\"https:\/\/imins.uek.krakow.pl\/kebo\/pracownicy\/dr-hab-krzysztof-kosiec-prof-uek\/\">\n                            <img decoding=\"async\" src=\"https:\/\/imins.uek.krakow.pl\/kebo\/wp-content\/uploads\/sites\/4\/2023\/02\/person-ok.png\" alt=\"\">\n                        <\/a><\/div><div class=\"eael-post-list-content\"><h2 class=\"eael-post-list-title\"><a href=\"https:\/\/imins.uek.krakow.pl\/kebo\/pracownicy\/dr-hab-krzysztof-kosiec-prof-uek\/\" >Dr hab. Krzysztof Kosiec, prof. UEK<\/a><\/h2><\/div><\/div><div class=\"eael-post-list-post \"><div class=\"eael-post-list-thumbnail \"><a href=\"https:\/\/imins.uek.krakow.pl\/kebo\/pracownicy\/dr-hab-justyna-wroblewska-prof-uek\/\">\n                            <img decoding=\"async\" src=\"https:\/\/imins.uek.krakow.pl\/kebo\/wp-content\/uploads\/sites\/4\/2025\/06\/J.-Wroblewska.webp\" alt=\"\">\n                        <\/a><\/div><div class=\"eael-post-list-content\"><h2 class=\"eael-post-list-title\"><a href=\"https:\/\/imins.uek.krakow.pl\/kebo\/pracownicy\/dr-hab-justyna-wroblewska-prof-uek\/\" >Dr hab. Justyna Wr\u00f3blewska, prof. UEK<\/a><\/h2><\/div><\/div><div class=\"eael-post-list-post \"><div class=\"eael-post-list-thumbnail \"><a href=\"https:\/\/imins.uek.krakow.pl\/kebo\/pracownicy\/dr-hab-inz-kamil-makiela-prof-uek\/\">\n                            <img decoding=\"async\" src=\"https:\/\/imins.uek.krakow.pl\/kebo\/wp-content\/uploads\/sites\/4\/2025\/06\/K.-Makiela.webp\" alt=\"\">\n                        <\/a><\/div><div class=\"eael-post-list-content\"><h2 class=\"eael-post-list-title\"><a href=\"https:\/\/imins.uek.krakow.pl\/kebo\/pracownicy\/dr-hab-inz-kamil-makiela-prof-uek\/\" >Dr hab. in\u017c. Kamil Makie\u0142a, prof. UEK<\/a><\/h2><\/div><\/div><div class=\"eael-post-list-post \"><div class=\"eael-post-list-thumbnail \"><a href=\"https:\/\/imins.uek.krakow.pl\/kebo\/pracownicy\/dr-hab-renata-wrobel-rotter-prof-uek\/\">\n                            <img decoding=\"async\" src=\"https:\/\/imins.uek.krakow.pl\/kebo\/wp-content\/uploads\/sites\/4\/2023\/02\/person-ok.png\" alt=\"\">\n                        <\/a><\/div><div class=\"eael-post-list-content\"><h2 class=\"eael-post-list-title\"><a href=\"https:\/\/imins.uek.krakow.pl\/kebo\/pracownicy\/dr-hab-renata-wrobel-rotter-prof-uek\/\" >Dr hab. Renata-Wr\u00f3bel-Rotter, prof. UEK<\/a><\/h2><\/div><\/div><div class=\"eael-post-list-post \"><div class=\"eael-post-list-thumbnail \"><a href=\"https:\/\/imins.uek.krakow.pl\/kebo\/pracownicy\/dr-lukasz-kwiatkowski\/\">\n                            <img decoding=\"async\" src=\"https:\/\/imins.uek.krakow.pl\/kebo\/wp-content\/uploads\/sites\/4\/2023\/02\/person-ok.png\" alt=\"\">\n                        <\/a><\/div><div class=\"eael-post-list-content\"><h2 class=\"eael-post-list-title\"><a href=\"https:\/\/imins.uek.krakow.pl\/kebo\/pracownicy\/dr-lukasz-kwiatkowski\/\" >Dr \u0141ukasz Kwiatkowski<\/a><\/h2><\/div><\/div><div class=\"eael-post-list-post \"><div class=\"eael-post-list-thumbnail \"><a href=\"https:\/\/imins.uek.krakow.pl\/kebo\/pracownicy\/dr-andrzej-pisulewski\/\">\n                            <img decoding=\"async\" src=\"https:\/\/imins.uek.krakow.pl\/kebo\/wp-content\/uploads\/sites\/4\/2023\/02\/person-ok.png\" alt=\"\">\n                        <\/a><\/div><div class=\"eael-post-list-content\"><h2 class=\"eael-post-list-title\"><a href=\"https:\/\/imins.uek.krakow.pl\/kebo\/pracownicy\/dr-andrzej-pisulewski\/\" >Dr Andrzej Pisulewski<\/a><\/h2><\/div><\/div><div class=\"eael-post-list-post \"><div class=\"eael-post-list-thumbnail \"><a href=\"https:\/\/imins.uek.krakow.pl\/kebo\/pracownicy\/mgr-artur-jasielski\/\">\n                            <img decoding=\"async\" src=\"https:\/\/imins.uek.krakow.pl\/kebo\/wp-content\/uploads\/sites\/4\/2022\/02\/Artur-Jasielski.webp\" alt=\"\">\n                        <\/a><\/div><div class=\"eael-post-list-content\"><h2 class=\"eael-post-list-title\"><a href=\"https:\/\/imins.uek.krakow.pl\/kebo\/pracownicy\/mgr-artur-jasielski\/\" >Mgr Artur Jasielski<\/a><\/h2><\/div><\/div><\/div><\/div>\n\t\t<\/div>\t\t\t\t<\/div>\n\t\t\t\t<\/div>\n\t\t\t\t\t<\/div>\n\t\t<\/div>\n\t\t\t\t\t<\/div>\n\t\t<\/section>\n\t\t\t\t<\/div>\n\t\t","protected":false},"excerpt":{"rendered":"<p>Katedra Ekonometrii i Bada\u0144 Operacyjnych Kierownik Katedry Dr hab. Jerzy Marzec, prof. UEK Prof. dr hab. Jacek Osiewalski Dr hab. Artur Pr\u0119dki, prof. UEK Dr hab. Maciej Kostrzewski, prof. UEK Dr hab. Krzysztof Kosiec, prof. UEK Dr hab. Justyna Wr\u00f3blewska, prof. UEK Dr in\u017c. hab. Kamil Makie\u0142a, prof. UEK Dr hab. Renata-Wr\u00f3bel-Rotter, prof. UEK Dr \u0141ukasz Kwiatkowski Dr Andrzej Pisulewski Mgr Artur Jasielski<\/p>\n","protected":false},"author":1,"featured_media":0,"parent":0,"menu_order":0,"comment_status":"closed","ping_status":"closed","template":"elementor_header_footer","meta":{"_acf_changed":false,"footnotes":""},"class_list":["post-174","page","type-page","status-publish","hentry"],"acf":[],"_links":{"self":[{"href":"https:\/\/imins.uek.krakow.pl\/kebo\/wp-json\/wp\/v2\/pages\/174","targetHints":{"allow":["GET"]}}],"collection":[{"href":"https:\/\/imins.uek.krakow.pl\/kebo\/wp-json\/wp\/v2\/pages"}],"about":[{"href":"https:\/\/imins.uek.krakow.pl\/kebo\/wp-json\/wp\/v2\/types\/page"}],"author":[{"embeddable":true,"href":"https:\/\/imins.uek.krakow.pl\/kebo\/wp-json\/wp\/v2\/users\/1"}],"replies":[{"embeddable":true,"href":"https:\/\/imins.uek.krakow.pl\/kebo\/wp-json\/wp\/v2\/comments?post=174"}],"version-history":[{"count":19,"href":"https:\/\/imins.uek.krakow.pl\/kebo\/wp-json\/wp\/v2\/pages\/174\/revisions"}],"predecessor-version":[{"id":1907,"href":"https:\/\/imins.uek.krakow.pl\/kebo\/wp-json\/wp\/v2\/pages\/174\/revisions\/1907"}],"wp:attachment":[{"href":"https:\/\/imins.uek.krakow.pl\/kebo\/wp-json\/wp\/v2\/media?parent=174"}],"curies":[{"name":"wp","href":"https:\/\/api.w.org\/{rel}","templated":true}]}}